{"id":333,"date":"2021-02-01T18:46:10","date_gmt":"2021-02-01T18:46:10","guid":{"rendered":"https:\/\/trazos-emocionales.evelynmp.com\/?page_id=333"},"modified":"2021-02-01T18:48:49","modified_gmt":"2021-02-01T18:48:49","slug":"sonidos","status":"publish","type":"page","link":"https:\/\/trazos-emocionales.evelynmp.com\/?page_id=333","title":{"rendered":"Sonidos"},"content":{"rendered":"\n<p class=\"has-text-align-center\">Las palabras escritas a veces son un medio insuficiente para compartir los matices que engrandecen el significado en la mente de cada uno.<\/p>\n\n\n\n<p class=\"has-text-align-center\">Me pareci\u00f3 enriquecedor dar sonido a los mensajes, a las palabras, o simplemente disfrutar de las sensaciones que una voz es capaz de transmitir.<\/p>\n\n\n\n<p class=\"has-text-align-center\">Algo de lectura con melod\u00eda, algo de m\u00fasica y todo lo que surja desde el deseo de darte los sonidos que habitan en m\u00ed.<\/p>\n","protected":false},"excerpt":{"rendered":"<p>Las palabras escritas a veces son un medio insuficiente para compartir los matices que engrandecen el significado en la mente de cada uno. Me pareci\u00f3 enriquecedor dar sonido a los mensajes, a las palabras, o simplemente disfrutar de las sensaciones que una voz es capaz de transmitir. Algo de lectura con melod\u00eda, algo de m\u00fasica y todo lo que surja desde el deseo de darte los sonidos que habitan en m\u00ed.<\/p>\n","protected":false},"author":1,"featured_media":336,"parent":0,"menu_order":0,"comment_status":"closed","ping_status":"closed","template":"","meta":{"footnotes":""},"class_list":["post-333","page","type-page","status-publish","has-post-thumbnail","hentry"],"_links":{"self":[{"href":"https:\/\/trazos-emocionales.evelynmp.com\/index.php?rest_route=\/wp\/v2\/pages\/333","targetHints":{"allow":["GET"]}}],"collection":[{"href":"https:\/\/trazos-emocionales.evelynmp.com\/index.php?rest_route=\/wp\/v2\/pages"}],"about":[{"href":"https:\/\/trazos-emocionales.evelynmp.com\/index.php?rest_route=\/wp\/v2\/types\/page"}],"author":[{"embeddable":true,"href":"https:\/\/trazos-emocionales.evelynmp.com\/index.php?rest_route=\/wp\/v2\/users\/1"}],"replies":[{"embeddable":true,"href":"https:\/\/trazos-emocionales.evelynmp.com\/index.php?rest_route=%2Fwp%2Fv2%2Fcomments&post=333"}],"version-history":[{"count":1,"href":"https:\/\/trazos-emocionales.evelynmp.com\/index.php?rest_route=\/wp\/v2\/pages\/333\/revisions"}],"predecessor-version":[{"id":335,"href":"https:\/\/trazos-emocionales.evelynmp.com\/index.php?rest_route=\/wp\/v2\/pages\/333\/revisions\/335"}],"wp:featuredmedia":[{"embeddable":true,"href":"https:\/\/trazos-emocionales.evelynmp.com\/index.php?rest_route=\/wp\/v2\/media\/336"}],"wp:attachment":[{"href":"https:\/\/trazos-emocionales.evelynmp.com\/index.php?rest_route=%2Fwp%2Fv2%2Fmedia&parent=333"}],"curies":[{"name":"wp","href":"https:\/\/api.w.org\/{rel}","templated":true}]}}