{"id":296,"date":"2021-01-31T18:51:12","date_gmt":"2021-01-31T18:51:12","guid":{"rendered":"https:\/\/trazos-emocionales.evelynmp.com\/?page_id=296"},"modified":"2021-02-01T18:30:42","modified_gmt":"2021-02-01T18:30:42","slug":"lecturas","status":"publish","type":"page","link":"https:\/\/trazos-emocionales.evelynmp.com\/?page_id=296","title":{"rendered":"Historias"},"content":{"rendered":"\n<p class=\"has-text-align-center\">Escribir historias ha sido hasta ahora una forma de jugar con las ideas y teor\u00edas que hay en mi mente acerca del origen de todo, del mundo que veo, y de lo que creo ser. <\/p>\n\n\n\n<p class=\"has-text-align-center\">Una manera, quiz\u00e1s algo cobarde, de expresar todo lo que se mueve en m\u00ed con la garant\u00eda y la seguridad que ofrece el disfraz de la &#8220;ficci\u00f3n&#8221;. <\/p>\n\n\n\n<p class=\"has-text-align-center\">Como un d\u00eda de Carnaval, en el que te atreves a lucir un traje con el que el mundo no te identifica, sabedor de que por ese breve espacio de tiempo, todos te mirar\u00e1n como si estuvieras en una otra de teatro. <\/p>\n\n\n\n<p class=\"has-text-align-center\">Aunque en verdad, en tu intimidad, te representa en gran o en total medida.<\/p>\n\n\n\n<p class=\"has-text-align-center\">Entra, quiz\u00e1s encuentres algo para ti&#8230;<\/p>\n","protected":false},"excerpt":{"rendered":"<p>Escribir historias ha sido hasta ahora una forma de jugar con las ideas y teor\u00edas que hay en mi mente acerca del origen de todo, del mundo que veo, y de lo que creo ser. Una manera, quiz\u00e1s algo cobarde, de expresar todo lo que se mueve en m\u00ed con la garant\u00eda y la seguridad que ofrece el disfraz de la &#8220;ficci\u00f3n&#8221;. Como un d\u00eda de Carnaval, en el que te atreves a lucir un traje con el que el mundo no te identifica, sabedor de que por ese breve espacio de tiempo, todos te mirar\u00e1n como si estuvieras en una otra de teatro. Aunque en verdad, en tu intimidad, te representa en gran o en total medida. Entra, quiz\u00e1s encuentres algo para ti&#8230;<\/p>\n","protected":false},"author":1,"featured_media":35,"parent":0,"menu_order":0,"comment_status":"closed","ping_status":"closed","template":"","meta":{"footnotes":""},"class_list":["post-296","page","type-page","status-publish","has-post-thumbnail","hentry"],"_links":{"self":[{"href":"https:\/\/trazos-emocionales.evelynmp.com\/index.php?rest_route=\/wp\/v2\/pages\/296","targetHints":{"allow":["GET"]}}],"collection":[{"href":"https:\/\/trazos-emocionales.evelynmp.com\/index.php?rest_route=\/wp\/v2\/pages"}],"about":[{"href":"https:\/\/trazos-emocionales.evelynmp.com\/index.php?rest_route=\/wp\/v2\/types\/page"}],"author":[{"embeddable":true,"href":"https:\/\/trazos-emocionales.evelynmp.com\/index.php?rest_route=\/wp\/v2\/users\/1"}],"replies":[{"embeddable":true,"href":"https:\/\/trazos-emocionales.evelynmp.com\/index.php?rest_route=%2Fwp%2Fv2%2Fcomments&post=296"}],"version-history":[{"count":5,"href":"https:\/\/trazos-emocionales.evelynmp.com\/index.php?rest_route=\/wp\/v2\/pages\/296\/revisions"}],"predecessor-version":[{"id":332,"href":"https:\/\/trazos-emocionales.evelynmp.com\/index.php?rest_route=\/wp\/v2\/pages\/296\/revisions\/332"}],"wp:featuredmedia":[{"embeddable":true,"href":"https:\/\/trazos-emocionales.evelynmp.com\/index.php?rest_route=\/wp\/v2\/media\/35"}],"wp:attachment":[{"href":"https:\/\/trazos-emocionales.evelynmp.com\/index.php?rest_route=%2Fwp%2Fv2%2Fmedia&parent=296"}],"curies":[{"name":"wp","href":"https:\/\/api.w.org\/{rel}","templated":true}]}}