{"id":270,"date":"2021-01-22T19:51:31","date_gmt":"2021-01-22T19:51:31","guid":{"rendered":"https:\/\/trazos-emocionales.evelynmp.com\/?page_id=270"},"modified":"2021-01-22T19:51:31","modified_gmt":"2021-01-22T19:51:31","slug":"politica-de-cookies","status":"publish","type":"page","link":"https:\/\/trazos-emocionales.evelynmp.com\/?page_id=270","title":{"rendered":"Pol\u00edtica de Cookies"},"content":{"rendered":"\n<p>En cumplimiento con el art\u00edculo 22 de la Ley 34\/2002, de 11 de julio, de servicios de la sociedad de la informaci\u00f3n y de comercio electr\u00f3nico (LSSI), en relaci\u00f3n con el Reglamento (UE) 2016\/679 del Parlamento Europeo y del Consejo, de 27 de abril de 2016, General de Protecci\u00f3n de Datos (RGPD) y la Ley Org\u00e1nica 3\/2018, de 5 de diciembre, de Protecci\u00f3n de Datos y garant\u00eda de los derechos digitales (LOPDGDD), Sebasti\u00e1n UCDM pone a disposici\u00f3n de los usuarios la Pol\u00edtica de recogida y tratamiento de cookies del sitio Web.<\/p>\n\n\n\n<h2 class=\"wp-block-heading\">Qu\u00e9 son las Cookies<\/h2>\n\n\n\n<p>Una cookie es un fichero que se descarga en tu ordenador al entrar a determinadas p\u00e1ginas web. Las cookies permiten a una p\u00e1gina web, entre otras cosas, almacenar y recuperar informaci\u00f3n sobre tus h\u00e1bitos de navegaci\u00f3n y \u2014dependiendo de la informaci\u00f3n que contengan y de la forma en que utilices tu equipo\u2014 pueden utilizarse para identificarte.<\/p>\n\n\n\n<h2 class=\"wp-block-heading\">Cookies utilizadas en el sitio Web<\/h2>\n\n\n\n<p>A continuaci\u00f3n se clasifican las cookies utilizadas por el sitio Web\u00a0<a href=\"https:\/\/idperdon.com\/politica-de-cookies\/\">www.evelynmp.com<\/a><\/p>\n\n\n\n<p><strong>Seg\u00fan la entidad que las gestiona<\/strong><\/p>\n\n\n\n<ul class=\"wp-block-list\"><li><strong>Cookies propias:<\/strong>\u00a0Son aquellas enviadas y gestionadas directamente por evelynmp<\/li><li><strong>Cookies de terceros:<\/strong>\u00a0Son aquellas que se env\u00edan al usuario desde un dominio ajeno a evelynmp<\/li><\/ul>\n\n\n\n<p><strong>Seg\u00fan su finalidad<\/strong><\/p>\n\n\n\n<ul class=\"wp-block-list\"><li><strong>Cookies t\u00e9cnicas:<\/strong>&nbsp;Son aquellas que permiten a los usuarios registrados navegar a trav\u00e9s del sitio Web, del \u00e1rea restringida y a utilizar sus diferentes funciones, como por ejemplo, el sistema de comentarios o el buscador.<\/li><li><strong>Cookies de personalizaci\u00f3n:<\/strong>&nbsp;Son aquellas que permiten a los usuarios acceder al Servicio con algunas caracter\u00edsticas de car\u00e1cter general predefinidas en funci\u00f3n de una serie de criterios establecidos por el usuario como, por ejemplo, el idioma o el tipo de navegador a trav\u00e9s del cual se conecta a este sitio Web.<\/li><li><strong>Cookies de an\u00e1lisis o medici\u00f3n:<\/strong>&nbsp;Son aquellas que, bien tratadas por el sitio Web o por terceros, permiten cuantificar el n\u00famero de usuarios y as\u00ed realizar la medici\u00f3n y an\u00e1lisis estad\u00edstico de la utilizaci\u00f3n que hacen los usuarios del sitio Web. Para ello se analiza la navegaci\u00f3n que realizas en este sitio Web con el fin de mejorarlo.<\/li><li><strong>Cookies sociales:<\/strong>&nbsp;Son establecidas por las plataformas de redes sociales para permitir a los usuarios compartir contenido con sus amigos y redes.<\/li><\/ul>\n\n\n\n<p><strong>Seg\u00fan su duraci\u00f3n<\/strong><\/p>\n\n\n\n<ul class=\"wp-block-list\"><li><strong>Cookies de sesi\u00f3n:<\/strong>&nbsp;Son aquellas dise\u00f1adas para recabar y almacenar datos mientras el usuario accede al sitio Web.<\/li><li><strong>Cookies persistentes:<\/strong>&nbsp;Son aquellas en las que los datos siguen almacenados en el terminal del usuario y pueden ser accedidos y tratados durante un per\u00edodo definido por el responsable de la cookie.<\/li><\/ul>\n","protected":false},"excerpt":{"rendered":"<p>En cumplimiento con el art\u00edculo 22 de la Ley 34\/2002, de 11 de julio, de servicios de la sociedad de la informaci\u00f3n y de comercio electr\u00f3nico (LSSI), en relaci\u00f3n con el Reglamento (UE) 2016\/679 del Parlamento Europeo y del Consejo, de 27 de abril de 2016, General de Protecci\u00f3n de Datos (RGPD) y la Ley Org\u00e1nica 3\/2018, de 5 de diciembre, de Protecci\u00f3n de Datos y garant\u00eda de los derechos digitales (LOPDGDD), Sebasti\u00e1n UCDM pone a disposici\u00f3n de los usuarios la Pol\u00edtica de recogida y tratamiento de cookies del sitio Web. Qu\u00e9 son las Cookies Una cookie es un fichero que se descarga en tu ordenador al entrar a determinadas p\u00e1ginas web. Las cookies permiten a una p\u00e1gina web, entre otras cosas, almacenar y recuperar informaci\u00f3n sobre tus h\u00e1bitos de navegaci\u00f3n y \u2014dependiendo de la informaci\u00f3n que contengan y de la forma en que utilices tu equipo\u2014 pueden utilizarse para identificarte. Cookies utilizadas en el sitio Web A continuaci\u00f3n se clasifican las cookies utilizadas por el sitio Web\u00a0www.evelynmp.com Seg\u00fan la entidad que las gestiona Cookies propias:\u00a0Son aquellas enviadas y gestionadas directamente por evelynmp Cookies de terceros:\u00a0Son aquellas que se env\u00edan al usuario desde un dominio ajeno a evelynmp Seg\u00fan su finalidad Cookies t\u00e9cnicas:&nbsp;Son aquellas que permiten a los usuarios registrados navegar a trav\u00e9s del sitio Web, del \u00e1rea restringida y a utilizar sus diferentes funciones, como por ejemplo, el sistema de comentarios o el buscador. Cookies de personalizaci\u00f3n:&nbsp;Son aquellas que permiten a los usuarios acceder al Servicio con algunas caracter\u00edsticas de car\u00e1cter general predefinidas en funci\u00f3n de una serie de criterios establecidos por el usuario como, por ejemplo, el idioma o el tipo de navegador a trav\u00e9s del cual se conecta a este sitio Web. Cookies de an\u00e1lisis o medici\u00f3n:&nbsp;Son aquellas que, bien tratadas por el sitio Web o por terceros, permiten cuantificar el n\u00famero de usuarios y as\u00ed realizar la medici\u00f3n y an\u00e1lisis estad\u00edstico de la utilizaci\u00f3n que hacen los usuarios del sitio Web. Para ello se analiza la navegaci\u00f3n que realizas en este sitio Web con el fin de mejorarlo. Cookies sociales:&nbsp;Son establecidas por las plataformas de redes sociales para permitir a los usuarios compartir contenido con sus amigos y redes. Seg\u00fan su duraci\u00f3n Cookies de sesi\u00f3n:&nbsp;Son aquellas dise\u00f1adas para recabar y almacenar datos mientras el usuario accede al sitio Web. Cookies persistentes:&nbsp;Son aquellas en las que los datos siguen almacenados en el terminal del usuario y pueden ser accedidos y tratados durante un per\u00edodo definido por el responsable de la cookie.<\/p>\n","protected":false},"author":1,"featured_media":0,"parent":0,"menu_order":0,"comment_status":"closed","ping_status":"closed","template":"","meta":{"footnotes":""},"class_list":["post-270","page","type-page","status-publish","hentry"],"_links":{"self":[{"href":"https:\/\/trazos-emocionales.evelynmp.com\/index.php?rest_route=\/wp\/v2\/pages\/270","targetHints":{"allow":["GET"]}}],"collection":[{"href":"https:\/\/trazos-emocionales.evelynmp.com\/index.php?rest_route=\/wp\/v2\/pages"}],"about":[{"href":"https:\/\/trazos-emocionales.evelynmp.com\/index.php?rest_route=\/wp\/v2\/types\/page"}],"author":[{"embeddable":true,"href":"https:\/\/trazos-emocionales.evelynmp.com\/index.php?rest_route=\/wp\/v2\/users\/1"}],"replies":[{"embeddable":true,"href":"https:\/\/trazos-emocionales.evelynmp.com\/index.php?rest_route=%2Fwp%2Fv2%2Fcomments&post=270"}],"version-history":[{"count":1,"href":"https:\/\/trazos-emocionales.evelynmp.com\/index.php?rest_route=\/wp\/v2\/pages\/270\/revisions"}],"predecessor-version":[{"id":272,"href":"https:\/\/trazos-emocionales.evelynmp.com\/index.php?rest_route=\/wp\/v2\/pages\/270\/revisions\/272"}],"wp:attachment":[{"href":"https:\/\/trazos-emocionales.evelynmp.com\/index.php?rest_route=%2Fwp%2Fv2%2Fmedia&parent=270"}],"curies":[{"name":"wp","href":"https:\/\/api.w.org\/{rel}","templated":true}]}}