{"id":2,"date":"2016-05-10T03:48:21","date_gmt":"2016-05-10T03:48:21","guid":{"rendered":"https:\/\/trazos-emocionales.evelynmp.com\/?page_id=2"},"modified":"2021-02-03T17:24:24","modified_gmt":"2021-02-03T17:24:24","slug":"sample-page","status":"publish","type":"page","link":"https:\/\/trazos-emocionales.evelynmp.com\/?page_id=2","title":{"rendered":"\u00a1Hola T\u00fa!"},"content":{"rendered":"<p style=\"text-align: center;\">Te recibo con inmensa alegr\u00eda, eres bienvenido a este lugar, hasta ahora privado y celosamente guardado.<\/p>\n<p style=\"text-align: center;\">La entrada est\u00e1 despejada, ya quit\u00e9 los obst\u00e1culos que no dejaban ver lo que hab\u00eda all\u00ed atr\u00e1s, al fondo de todo.<\/p>\n<p style=\"text-align: center;\">Ya limpi\u00e9 los miedos, la prudencia, la falsa humildad, la duda, el control, la verg\u00fcenza, ya me quit\u00e9 la m\u00e1scara de humana perfecta y responsable.<\/p>\n<p style=\"text-align: center;\">Te doy la bienvenida al interior de mi mente, donde de hecho, siempre has estado y sigues estando.<\/p>\n<p style=\"text-align: center;\">Lo que sea que hayas venido a encontrar, te aseguro que est\u00e1, pues t\u00fa mismo lo pusiste aqu\u00ed.<\/p>\n<p style=\"text-align: center;\">Ven conmigo y exploremos juntos, juguemos a jugar, a descubrir lo que compartimos, a\u00fan sin saber que siempre lo hemos hecho.<\/p>\n<p style=\"text-align: center;\">Te abro mi puerta, ac\u00e9rcate y entra.<\/p>\n<p style=\"text-align: center;\">No alcanzo a saber qu\u00e9, c\u00f3mo y cu\u00e1nto, pero importa bien poco o nada, solo quiero recibirte y para ello, solo puedo darme a Ti.<\/p>\n<p style=\"text-align: center;\">Adelante, est\u00e1s en tu casa, gracias por estar aqu\u00ed.<\/p>\n","protected":false},"excerpt":{"rendered":"<p>Te recibo con inmensa alegr\u00eda, eres bienvenido a este lugar, hasta ahora privado y celosamente guardado. La entrada est\u00e1 despejada, ya quit\u00e9 los obst\u00e1culos que no dejaban ver lo que hab\u00eda all\u00ed atr\u00e1s, al fondo de todo. Ya limpi\u00e9 los miedos, la prudencia, la falsa humildad, la duda, el control, la verg\u00fcenza, ya me quit\u00e9 la m\u00e1scara de humana perfecta y responsable. Te doy la bienvenida al interior de mi mente, donde de hecho, siempre has estado y sigues estando. Lo que sea que hayas venido a encontrar, te aseguro que est\u00e1, pues t\u00fa mismo lo pusiste aqu\u00ed. Ven conmigo y exploremos juntos, juguemos a jugar, a descubrir lo que compartimos, a\u00fan sin saber que siempre lo hemos hecho. Te abro mi puerta, ac\u00e9rcate y entra. No alcanzo a saber qu\u00e9, c\u00f3mo y cu\u00e1nto, pero importa bien poco o nada, solo quiero recibirte y para ello, solo puedo darme a Ti. Adelante, est\u00e1s en tu casa, gracias por estar aqu\u00ed.<\/p>\n","protected":false},"author":1,"featured_media":36,"parent":0,"menu_order":0,"comment_status":"closed","ping_status":"closed","template":"","meta":{"footnotes":""},"class_list":["post-2","page","type-page","status-publish","has-post-thumbnail","hentry"],"_links":{"self":[{"href":"https:\/\/trazos-emocionales.evelynmp.com\/index.php?rest_route=\/wp\/v2\/pages\/2","targetHints":{"allow":["GET"]}}],"collection":[{"href":"https:\/\/trazos-emocionales.evelynmp.com\/index.php?rest_route=\/wp\/v2\/pages"}],"about":[{"href":"https:\/\/trazos-emocionales.evelynmp.com\/index.php?rest_route=\/wp\/v2\/types\/page"}],"author":[{"embeddable":true,"href":"https:\/\/trazos-emocionales.evelynmp.com\/index.php?rest_route=\/wp\/v2\/users\/1"}],"replies":[{"embeddable":true,"href":"https:\/\/trazos-emocionales.evelynmp.com\/index.php?rest_route=%2Fwp%2Fv2%2Fcomments&post=2"}],"version-history":[{"count":1,"href":"https:\/\/trazos-emocionales.evelynmp.com\/index.php?rest_route=\/wp\/v2\/pages\/2\/revisions"}],"predecessor-version":[{"id":65,"href":"https:\/\/trazos-emocionales.evelynmp.com\/index.php?rest_route=\/wp\/v2\/pages\/2\/revisions\/65"}],"wp:featuredmedia":[{"embeddable":true,"href":"https:\/\/trazos-emocionales.evelynmp.com\/index.php?rest_route=\/wp\/v2\/media\/36"}],"wp:attachment":[{"href":"https:\/\/trazos-emocionales.evelynmp.com\/index.php?rest_route=%2Fwp%2Fv2%2Fmedia&parent=2"}],"curies":[{"name":"wp","href":"https:\/\/api.w.org\/{rel}","templated":true}]}}