{"id":1817,"date":"2021-10-02T08:54:35","date_gmt":"2021-10-02T08:54:35","guid":{"rendered":"https:\/\/trazos-emocionales.evelynmp.com\/?page_id=1817"},"modified":"2022-04-04T04:20:18","modified_gmt":"2022-04-04T04:20:18","slug":"conversando-sin-mas","status":"publish","type":"page","link":"https:\/\/trazos-emocionales.evelynmp.com\/?page_id=1817","title":{"rendered":"Conversando, sin m\u00e1s"},"content":{"rendered":"\n<pre class=\"wp-block-verse has-text-color\" style=\"color:#9ca0a3\">A menudo tengo conversaciones \"privadas\" con personas con las que comparto el mismo inter\u00e9s; descubrir los obst\u00e1culos que nos impiden disfrutar de esta experiencia vital sin los l\u00edmites que nos impone la idea del sufrimiento. Creo firmemente que nuestra realidad es otra y apuesto por una vida SIN SUFRIMIENTO, solo la experiencia de la dicha y el gozo. El c\u00f3mo y el porqu\u00e9 eso parece una meta inalcanzable cuando existe un profundo deseo de \"otra cosa\" es el motivo que nos atrapa a conversar una y otra vez.<\/pre>\n\n\n\n<pre class=\"wp-block-verse has-text-color\" style=\"color:#9ca0a3\">Deseo compartir aqu\u00ed algunas de esas conversaciones porque despu\u00e9s de todo, estoy convencida de que nada es privado porque somos parte indivisible de Una Mente que nos Pens\u00f3.<\/pre>\n\n\n\n<div style=\"height:50px\" aria-hidden=\"true\" class=\"wp-block-spacer\"><\/div>\n\n\n\n<figure class=\"wp-block-embed is-type-video is-provider-youtube wp-block-embed-youtube wp-embed-aspect-16-9 wp-has-aspect-ratio\"><div class=\"wp-block-embed__wrapper\">\n<iframe loading=\"lazy\" title=\"Conversando, sin m\u00e1s - 1 de octubre de 2021\" width=\"960\" height=\"540\" src=\"https:\/\/www.youtube.com\/embed\/my6LlLteoEQ?feature=oembed\" frameborder=\"0\" allow=\"accelerometer; autoplay; clipboard-write; encrypted-media; gyroscope; picture-in-picture\" allowfullscreen><\/iframe>\n<\/div><\/figure>\n\n\n\n<div style=\"height:50px\" aria-hidden=\"true\" class=\"wp-block-spacer\"><\/div>\n\n\n\n<figure class=\"wp-block-embed is-type-video is-provider-youtube wp-block-embed-youtube wp-embed-aspect-16-9 wp-has-aspect-ratio\"><div class=\"wp-block-embed__wrapper\">\n<iframe loading=\"lazy\" title=\"Conversando, sin m\u00e1s - 19 de octubre de 2021\" width=\"960\" height=\"540\" src=\"https:\/\/www.youtube.com\/embed\/ili0sH15D7g?feature=oembed\" frameborder=\"0\" allow=\"accelerometer; autoplay; clipboard-write; encrypted-media; gyroscope; picture-in-picture\" allowfullscreen><\/iframe>\n<\/div><\/figure>\n\n\n\n<div style=\"height:50px\" aria-hidden=\"true\" class=\"wp-block-spacer\"><\/div>\n\n\n\n<figure class=\"wp-block-embed is-type-video is-provider-youtube wp-block-embed-youtube wp-embed-aspect-16-9 wp-has-aspect-ratio\"><div class=\"wp-block-embed__wrapper\">\n<iframe loading=\"lazy\" title=\"Conversando, sin m\u00e1s - 01 de diciembre de 2021\" width=\"960\" height=\"540\" src=\"https:\/\/www.youtube.com\/embed\/KUpCJd_cTqQ?feature=oembed\" frameborder=\"0\" allow=\"accelerometer; autoplay; clipboard-write; encrypted-media; gyroscope; picture-in-picture\" allowfullscreen><\/iframe>\n<\/div><\/figure>\n\n\n\n<div style=\"height:50px\" aria-hidden=\"true\" class=\"wp-block-spacer\"><\/div>\n\n\n\n<figure class=\"wp-block-embed is-type-video is-provider-youtube wp-block-embed-youtube wp-embed-aspect-16-9 wp-has-aspect-ratio\"><div class=\"wp-block-embed__wrapper\">\n<iframe loading=\"lazy\" title=\"Conversando, sin m\u00e1s - Extracto 2 de abril de 2022. Proceso individual y alcance del milagro\" width=\"960\" height=\"540\" src=\"https:\/\/www.youtube.com\/embed\/wbY66rTLBeo?feature=oembed\" frameborder=\"0\" allow=\"accelerometer; autoplay; clipboard-write; encrypted-media; gyroscope; picture-in-picture\" allowfullscreen><\/iframe>\n<\/div><\/figure>\n","protected":false},"excerpt":{"rendered":"<p>A menudo tengo conversaciones &#8220;privadas&#8221; con personas con las que comparto el mismo inter\u00e9s; descubrir los obst\u00e1culos que nos impiden disfrutar de esta experiencia vital sin los l\u00edmites que nos impone la idea del sufrimiento. Creo firmemente que nuestra realidad es otra y apuesto por una vida SIN SUFRIMIENTO, solo la experiencia de la dicha y el gozo. El c\u00f3mo y el porqu\u00e9 eso parece una meta inalcanzable cuando existe un profundo deseo de &#8220;otra cosa&#8221; es el motivo que nos atrapa a conversar una y otra vez. Deseo compartir aqu\u00ed algunas de esas conversaciones porque despu\u00e9s de todo, estoy convencida de que nada es privado porque somos parte indivisible de Una Mente que nos Pens\u00f3.<\/p>\n","protected":false},"author":1,"featured_media":0,"parent":0,"menu_order":0,"comment_status":"closed","ping_status":"closed","template":"","meta":{"footnotes":""},"class_list":["post-1817","page","type-page","status-publish","hentry"],"_links":{"self":[{"href":"https:\/\/trazos-emocionales.evelynmp.com\/index.php?rest_route=\/wp\/v2\/pages\/1817","targetHints":{"allow":["GET"]}}],"collection":[{"href":"https:\/\/trazos-emocionales.evelynmp.com\/index.php?rest_route=\/wp\/v2\/pages"}],"about":[{"href":"https:\/\/trazos-emocionales.evelynmp.com\/index.php?rest_route=\/wp\/v2\/types\/page"}],"author":[{"embeddable":true,"href":"https:\/\/trazos-emocionales.evelynmp.com\/index.php?rest_route=\/wp\/v2\/users\/1"}],"replies":[{"embeddable":true,"href":"https:\/\/trazos-emocionales.evelynmp.com\/index.php?rest_route=%2Fwp%2Fv2%2Fcomments&post=1817"}],"version-history":[{"count":7,"href":"https:\/\/trazos-emocionales.evelynmp.com\/index.php?rest_route=\/wp\/v2\/pages\/1817\/revisions"}],"predecessor-version":[{"id":1965,"href":"https:\/\/trazos-emocionales.evelynmp.com\/index.php?rest_route=\/wp\/v2\/pages\/1817\/revisions\/1965"}],"wp:attachment":[{"href":"https:\/\/trazos-emocionales.evelynmp.com\/index.php?rest_route=%2Fwp%2Fv2%2Fmedia&parent=1817"}],"curies":[{"name":"wp","href":"https:\/\/api.w.org\/{rel}","templated":true}]}}