{"id":173,"date":"2021-01-17T17:21:41","date_gmt":"2021-01-17T17:21:41","guid":{"rendered":"https:\/\/trazos-emocionales.evelynmp.com\/?page_id=173"},"modified":"2021-04-10T08:43:44","modified_gmt":"2021-04-10T08:43:44","slug":"ucdm-y-yo","status":"publish","type":"page","link":"https:\/\/trazos-emocionales.evelynmp.com\/?page_id=173","title":{"rendered":"UCDM y yo"},"content":{"rendered":"\n<p class=\"has-text-align-center\">Quiero dedicar esta secci\u00f3n a mi relaci\u00f3n personal con <strong>Un Curso de Milagros<\/strong>.<\/p>\n\n\n\n<p class=\"has-text-align-center\">No quiero hacer una presentaci\u00f3n t\u00f3pica acerca de UCDM. Dicho llanamente y sin rodeos, Un Curso de Milagros es un encuentro con Jes\u00fas.<\/p>\n\n\n\n<p class=\"has-text-align-center\">Un manual dictado por una mente que tuvo la experiencia, como t\u00fa y como yo, de so\u00f1ar como una mente humana.<\/p>\n\n\n\n<p class=\"has-text-align-center\">A pesar de su terminolog\u00eda y de la tendencia a clasificarlo dentro de la espiritualidad, para m\u00ed UCDM representa<strong> un viaje mental<\/strong>. <\/p>\n\n\n\n<p class=\"has-text-align-center\">Su inicio es mi mundo tal y como lo conozco, y su finalidad la bienvenida al \u00danico Mundo, el recuerdo de quien soy. <\/p>\n\n\n\n<p class=\"has-text-align-center\">Y el trayecto que intermedia entre esos dos puntos, es un aprendizaje en forma de entrenamiento mental basado en una total y radical inversi\u00f3n de pensamiento.<\/p>\n\n\n\n<p class=\"has-text-align-center\">Y todo ello con \u00fanico prop\u00f3sito, una <strong>mente en paz<\/strong>.<\/p>\n\n\n\n<p class=\"has-text-align-center\">Una mente en paz es un estado que precede a la experiencia de un &#8220;mundo feliz&#8221;, que a pesar de seguir siendo una ilusi\u00f3n, es una antesala necesaria para una transici\u00f3n libre y gozosa al estado natural del Ser.<\/p>\n\n\n\n<p class=\"has-text-align-center\">Te compartir\u00e9 mi entendimiento de los conceptos, de las ideas que representan para m\u00ed los regalos m\u00e1s preciados que puedo ofrecerte. <\/p>\n\n\n\n<p class=\"has-text-align-center\">Si aceptas mi invitaci\u00f3n, abre tu mente y \u00fanete a la m\u00eda. Este es un viaje fuera del espacio y del tiempo. \u00a1V\u00e1monos!<\/p>\n","protected":false},"excerpt":{"rendered":"<p>Quiero dedicar esta secci\u00f3n a mi relaci\u00f3n personal con Un Curso de Milagros. No quiero hacer una presentaci\u00f3n t\u00f3pica acerca de UCDM. Dicho llanamente y sin rodeos, Un Curso de Milagros es un encuentro con Jes\u00fas. Un manual dictado por una mente que tuvo la experiencia, como t\u00fa y como yo, de so\u00f1ar como una mente humana. A pesar de su terminolog\u00eda y de la tendencia a clasificarlo dentro de la espiritualidad, para m\u00ed UCDM representa un viaje mental. Su inicio es mi mundo tal y como lo conozco, y su finalidad la bienvenida al \u00danico Mundo, el recuerdo de quien soy. Y el trayecto que intermedia entre esos dos puntos, es un aprendizaje en forma de entrenamiento mental basado en una total y radical inversi\u00f3n de pensamiento. Y todo ello con \u00fanico prop\u00f3sito, una mente en paz. Una mente en paz es un estado que precede a la experiencia de un &#8220;mundo feliz&#8221;, que a pesar de seguir siendo una ilusi\u00f3n, es una antesala necesaria para una transici\u00f3n libre y gozosa al estado natural del Ser. Te compartir\u00e9 mi entendimiento de los conceptos, de las ideas que representan para m\u00ed los regalos m\u00e1s preciados que puedo ofrecerte. Si aceptas mi invitaci\u00f3n, abre tu mente y \u00fanete a la m\u00eda. Este es un viaje fuera del espacio y del tiempo. \u00a1V\u00e1monos!<\/p>\n","protected":false},"author":1,"featured_media":100,"parent":0,"menu_order":0,"comment_status":"closed","ping_status":"closed","template":"","meta":{"footnotes":""},"class_list":["post-173","page","type-page","status-publish","has-post-thumbnail","hentry"],"_links":{"self":[{"href":"https:\/\/trazos-emocionales.evelynmp.com\/index.php?rest_route=\/wp\/v2\/pages\/173","targetHints":{"allow":["GET"]}}],"collection":[{"href":"https:\/\/trazos-emocionales.evelynmp.com\/index.php?rest_route=\/wp\/v2\/pages"}],"about":[{"href":"https:\/\/trazos-emocionales.evelynmp.com\/index.php?rest_route=\/wp\/v2\/types\/page"}],"author":[{"embeddable":true,"href":"https:\/\/trazos-emocionales.evelynmp.com\/index.php?rest_route=\/wp\/v2\/users\/1"}],"replies":[{"embeddable":true,"href":"https:\/\/trazos-emocionales.evelynmp.com\/index.php?rest_route=%2Fwp%2Fv2%2Fcomments&post=173"}],"version-history":[{"count":5,"href":"https:\/\/trazos-emocionales.evelynmp.com\/index.php?rest_route=\/wp\/v2\/pages\/173\/revisions"}],"predecessor-version":[{"id":1765,"href":"https:\/\/trazos-emocionales.evelynmp.com\/index.php?rest_route=\/wp\/v2\/pages\/173\/revisions\/1765"}],"wp:featuredmedia":[{"embeddable":true,"href":"https:\/\/trazos-emocionales.evelynmp.com\/index.php?rest_route=\/wp\/v2\/media\/100"}],"wp:attachment":[{"href":"https:\/\/trazos-emocionales.evelynmp.com\/index.php?rest_route=%2Fwp%2Fv2%2Fmedia&parent=173"}],"curies":[{"name":"wp","href":"https:\/\/api.w.org\/{rel}","templated":true}]}}