{"id":1729,"date":"2021-03-14T14:27:57","date_gmt":"2021-03-14T14:27:57","guid":{"rendered":"https:\/\/trazos-emocionales.evelynmp.com\/?page_id=1729"},"modified":"2022-02-27T20:55:50","modified_gmt":"2022-02-27T20:55:50","slug":"mini-serie-cuestionando-la-aparente-realidad","status":"publish","type":"page","link":"https:\/\/trazos-emocionales.evelynmp.com\/?page_id=1729","title":{"rendered":"Mini series"},"content":{"rendered":"\n<h2 class=\"wp-block-heading\">&#8220;CUESTIONANDO LA APARENTE REALIDAD&#8221;<\/h2>\n\n\n\n<div style=\"height:62px\" aria-hidden=\"true\" class=\"wp-block-spacer\"><\/div>\n\n\n\n<h3 class=\"wp-block-heading\">Episodio piloto<\/h3>\n\n\n\n<figure class=\"wp-block-embed is-type-video is-provider-youtube wp-block-embed-youtube wp-embed-aspect-16-9 wp-has-aspect-ratio\"><div class=\"wp-block-embed__wrapper\">\n<iframe loading=\"lazy\" title=\"Episodio Piloto-Mini serie &quot;Cuestionando la aparente realidad&quot;\" width=\"960\" height=\"540\" src=\"https:\/\/www.youtube.com\/embed\/1_ni3-4n61A?feature=oembed\" frameborder=\"0\" allow=\"accelerometer; autoplay; clipboard-write; encrypted-media; gyroscope; picture-in-picture\" allowfullscreen><\/iframe>\n<\/div><\/figure>\n\n\n\n<div style=\"height:53px\" aria-hidden=\"true\" class=\"wp-block-spacer\"><\/div>\n\n\n\n<h3 class=\"wp-block-heading\">Episodio 1<\/h3>\n\n\n\n<figure class=\"wp-block-embed is-type-video is-provider-youtube wp-block-embed-youtube wp-embed-aspect-16-9 wp-has-aspect-ratio\"><div class=\"wp-block-embed__wrapper\">\n<iframe loading=\"lazy\" title=\"Episodio 1-Mini serie &quot;Cuestionando la aparente realidad&quot;\" width=\"960\" height=\"540\" src=\"https:\/\/www.youtube.com\/embed\/nkd9KKs4wyw?feature=oembed\" frameborder=\"0\" allow=\"accelerometer; autoplay; clipboard-write; encrypted-media; gyroscope; picture-in-picture\" allowfullscreen><\/iframe>\n<\/div><\/figure>\n\n\n\n<div style=\"height:51px\" aria-hidden=\"true\" class=\"wp-block-spacer\"><\/div>\n\n\n\n<h3 class=\"wp-block-heading\">Episodio 2<\/h3>\n\n\n\n<figure class=\"wp-block-embed is-type-video is-provider-youtube wp-block-embed-youtube wp-embed-aspect-16-9 wp-has-aspect-ratio\"><div class=\"wp-block-embed__wrapper\">\n<iframe loading=\"lazy\" title=\"Episodio 2-Mini serie &quot;Cuestionando la aparente realidad&quot;\" width=\"960\" height=\"540\" src=\"https:\/\/www.youtube.com\/embed\/E8rqQXHfWyM?feature=oembed\" frameborder=\"0\" allow=\"accelerometer; autoplay; clipboard-write; encrypted-media; gyroscope; picture-in-picture\" allowfullscreen><\/iframe>\n<\/div><\/figure>\n\n\n\n<div style=\"height:51px\" aria-hidden=\"true\" class=\"wp-block-spacer\"><\/div>\n\n\n\n<h3 class=\"wp-block-heading\">Episodio 3<\/h3>\n\n\n\n<figure class=\"wp-block-embed is-type-video is-provider-youtube wp-block-embed-youtube wp-embed-aspect-16-9 wp-has-aspect-ratio\"><div class=\"wp-block-embed__wrapper\">\n<iframe loading=\"lazy\" title=\"Episodio 3-Mini serie &quot;Cuestionando la aparente realidad&quot;\" width=\"960\" height=\"540\" src=\"https:\/\/www.youtube.com\/embed\/RhGikcEhFLk?feature=oembed\" frameborder=\"0\" allow=\"accelerometer; autoplay; clipboard-write; encrypted-media; gyroscope; picture-in-picture\" allowfullscreen><\/iframe>\n<\/div><\/figure>\n\n\n\n<div style=\"height:52px\" aria-hidden=\"true\" class=\"wp-block-spacer\"><\/div>\n\n\n\n<h3 class=\"wp-block-heading\">Episodio 4<\/h3>\n\n\n\n<figure class=\"wp-block-embed is-type-video is-provider-youtube wp-block-embed-youtube wp-embed-aspect-16-9 wp-has-aspect-ratio\"><div class=\"wp-block-embed__wrapper\">\n<iframe loading=\"lazy\" title=\"Episodio 4-Mini serie &quot;Cuestionando la aparente realidad&quot;\" width=\"960\" height=\"540\" src=\"https:\/\/www.youtube.com\/embed\/mRa5ulKue4M?feature=oembed\" frameborder=\"0\" allow=\"accelerometer; autoplay; clipboard-write; encrypted-media; gyroscope; picture-in-picture\" allowfullscreen><\/iframe>\n<\/div><\/figure>\n\n\n\n<div style=\"height:81px\" aria-hidden=\"true\" class=\"wp-block-spacer\"><\/div>\n\n\n\n<h2 class=\"wp-block-heading\">&#8220;MI RELACI\u00d3N CON LOS DEM\u00c1S&#8221;<\/h2>\n\n\n\n<div style=\"height:51px\" aria-hidden=\"true\" class=\"wp-block-spacer\"><\/div>\n\n\n\n<h3 class=\"wp-block-heading\">Episodio piloto &#8211; Marco de referencia<\/h3>\n\n\n\n<figure class=\"wp-block-embed is-type-video is-provider-youtube wp-block-embed-youtube wp-embed-aspect-16-9 wp-has-aspect-ratio\"><div class=\"wp-block-embed__wrapper\">\n<iframe loading=\"lazy\" title=\"Episodio Piloto-Mini serie &quot;Mi relaci\u00f3n con los dem\u00e1s&quot;\" width=\"960\" height=\"540\" src=\"https:\/\/www.youtube.com\/embed\/Gp0T973gKgE?feature=oembed\" frameborder=\"0\" allow=\"accelerometer; autoplay; clipboard-write; encrypted-media; gyroscope; picture-in-picture\" allowfullscreen><\/iframe>\n<\/div><\/figure>\n\n\n\n<div style=\"height:51px\" aria-hidden=\"true\" class=\"wp-block-spacer\"><\/div>\n\n\n\n<h3 class=\"wp-block-heading\">Episodio 1 &#8211; Relaciones profesionales<\/h3>\n\n\n\n<figure class=\"wp-block-embed is-type-video is-provider-youtube wp-block-embed-youtube wp-embed-aspect-16-9 wp-has-aspect-ratio\"><div class=\"wp-block-embed__wrapper\">\n<iframe loading=\"lazy\" title=\"Episodio 1-Mini serie &quot;Mi relaci\u00f3n con los dem\u00e1s&quot;\" width=\"960\" height=\"540\" src=\"https:\/\/www.youtube.com\/embed\/1xUMuL4Fewk?feature=oembed\" frameborder=\"0\" allow=\"accelerometer; autoplay; clipboard-write; encrypted-media; gyroscope; picture-in-picture\" allowfullscreen><\/iframe>\n<\/div><\/figure>\n\n\n\n<div style=\"height:51px\" aria-hidden=\"true\" class=\"wp-block-spacer\"><\/div>\n\n\n\n<h3 class=\"wp-block-heading\">Episodio 2 &#8211; Relaciones en el trabajo<\/h3>\n\n\n\n<figure class=\"wp-block-embed is-type-video is-provider-youtube wp-block-embed-youtube wp-embed-aspect-16-9 wp-has-aspect-ratio\"><div class=\"wp-block-embed__wrapper\">\n<iframe loading=\"lazy\" title=\"Episodio 2-Mini serie &quot;Mi relaci\u00f3n con los dem\u00e1s&quot;\" width=\"960\" height=\"540\" src=\"https:\/\/www.youtube.com\/embed\/1HjO1lcU_hA?feature=oembed\" frameborder=\"0\" allow=\"accelerometer; autoplay; clipboard-write; encrypted-media; gyroscope; picture-in-picture\" allowfullscreen><\/iframe>\n<\/div><\/figure>\n\n\n\n<div style=\"height:51px\" aria-hidden=\"true\" class=\"wp-block-spacer\"><\/div>\n\n\n\n<h3 class=\"wp-block-heading\">Episodio Extra &#8211; El uso de la empat\u00eda<\/h3>\n\n\n\n<figure class=\"wp-block-embed is-type-video is-provider-youtube wp-block-embed-youtube wp-embed-aspect-16-9 wp-has-aspect-ratio\"><div class=\"wp-block-embed__wrapper\">\n<iframe loading=\"lazy\" title=\"Episodio Extra-Mini serie &quot;Mi relaci\u00f3n con los dem\u00e1s&quot;\" width=\"960\" height=\"540\" src=\"https:\/\/www.youtube.com\/embed\/sSkduB3QQvE?feature=oembed\" frameborder=\"0\" allow=\"accelerometer; autoplay; clipboard-write; encrypted-media; gyroscope; picture-in-picture\" allowfullscreen><\/iframe>\n<\/div><\/figure>\n\n\n\n<div style=\"height:51px\" aria-hidden=\"true\" class=\"wp-block-spacer\"><\/div>\n\n\n\n<h3 class=\"wp-block-heading\">Episodio 3 &#8211; Relaciones familiares (padres)<\/h3>\n\n\n\n<figure class=\"wp-block-embed is-type-video is-provider-youtube wp-block-embed-youtube wp-embed-aspect-16-9 wp-has-aspect-ratio\"><div class=\"wp-block-embed__wrapper\">\n<iframe loading=\"lazy\" title=\"Episodio 3-Mini serie &quot;Mi relaci\u00f3n con los dem\u00e1s&quot;\" width=\"960\" height=\"540\" src=\"https:\/\/www.youtube.com\/embed\/a1aOKrpRWP4?feature=oembed\" frameborder=\"0\" allow=\"accelerometer; autoplay; clipboard-write; encrypted-media; gyroscope; picture-in-picture\" allowfullscreen><\/iframe>\n<\/div><\/figure>\n\n\n\n<div style=\"height:51px\" aria-hidden=\"true\" class=\"wp-block-spacer\"><\/div>\n\n\n\n<h3 class=\"wp-block-heading\">Episodio 4 &#8211; Relaciones familiares (hijos)<\/h3>\n\n\n\n<figure class=\"wp-block-embed is-type-video is-provider-youtube wp-block-embed-youtube wp-embed-aspect-16-9 wp-has-aspect-ratio\"><div class=\"wp-block-embed__wrapper\">\n<iframe loading=\"lazy\" title=\"Episodio 4-Mini serie &quot;Mi relaci\u00f3n con los dem\u00e1s&quot;\" width=\"960\" height=\"540\" src=\"https:\/\/www.youtube.com\/embed\/ikxVB5VurZk?feature=oembed\" frameborder=\"0\" allow=\"accelerometer; autoplay; clipboard-write; encrypted-media; gyroscope; picture-in-picture\" allowfullscreen><\/iframe>\n<\/div><\/figure>\n\n\n\n<div style=\"height:51px\" aria-hidden=\"true\" class=\"wp-block-spacer\"><\/div>\n\n\n\n<h3 class=\"wp-block-heading\">Episodio 5 &#8211; Relaciones en general<\/h3>\n\n\n\n<figure class=\"wp-block-embed is-type-video is-provider-youtube wp-block-embed-youtube wp-embed-aspect-16-9 wp-has-aspect-ratio\"><div class=\"wp-block-embed__wrapper\">\n<iframe loading=\"lazy\" title=\"Episodio 5-Mini serie &quot;Mi relaci\u00f3n con los dem\u00e1s&quot;\" width=\"960\" height=\"540\" src=\"https:\/\/www.youtube.com\/embed\/YsumClQCcLw?feature=oembed\" frameborder=\"0\" allow=\"accelerometer; autoplay; clipboard-write; encrypted-media; gyroscope; picture-in-picture\" allowfullscreen><\/iframe>\n<\/div><\/figure>\n\n\n\n<div style=\"height:51px\" aria-hidden=\"true\" class=\"wp-block-spacer\"><\/div>\n\n\n\n<h3 class=\"wp-block-heading\">V\u00eddeo Proyecci\u00f3n y percepci\u00f3n en el \u00e1mbito empresarial<\/h3>\n\n\n\n<figure class=\"wp-block-embed is-type-video is-provider-youtube wp-block-embed-youtube wp-embed-aspect-16-9 wp-has-aspect-ratio\"><div class=\"wp-block-embed__wrapper\">\n<iframe loading=\"lazy\" title=\"Proyecci\u00f3n y percepci\u00f3n\" width=\"960\" height=\"540\" src=\"https:\/\/www.youtube.com\/embed\/-niMvwy7bZE?feature=oembed\" frameborder=\"0\" allow=\"accelerometer; autoplay; clipboard-write; encrypted-media; gyroscope; picture-in-picture\" allowfullscreen><\/iframe>\n<\/div><\/figure>\n","protected":false},"excerpt":{"rendered":"<p>&#8220;CUESTIONANDO LA APARENTE REALIDAD&#8221; Episodio piloto Episodio 1 Episodio 2 Episodio 3 Episodio 4 &#8220;MI RELACI\u00d3N CON LOS DEM\u00c1S&#8221; Episodio piloto &#8211; Marco de referencia Episodio 1 &#8211; Relaciones profesionales Episodio 2 &#8211; Relaciones en el trabajo Episodio Extra &#8211; El uso de la empat\u00eda Episodio 3 &#8211; Relaciones familiares (padres) Episodio 4 &#8211; Relaciones familiares (hijos) Episodio 5 &#8211; Relaciones en general V\u00eddeo Proyecci\u00f3n y percepci\u00f3n en el \u00e1mbito empresarial<\/p>\n","protected":false},"author":1,"featured_media":1632,"parent":0,"menu_order":0,"comment_status":"closed","ping_status":"closed","template":"","meta":{"footnotes":""},"class_list":["post-1729","page","type-page","status-publish","has-post-thumbnail","hentry"],"_links":{"self":[{"href":"https:\/\/trazos-emocionales.evelynmp.com\/index.php?rest_route=\/wp\/v2\/pages\/1729","targetHints":{"allow":["GET"]}}],"collection":[{"href":"https:\/\/trazos-emocionales.evelynmp.com\/index.php?rest_route=\/wp\/v2\/pages"}],"about":[{"href":"https:\/\/trazos-emocionales.evelynmp.com\/index.php?rest_route=\/wp\/v2\/types\/page"}],"author":[{"embeddable":true,"href":"https:\/\/trazos-emocionales.evelynmp.com\/index.php?rest_route=\/wp\/v2\/users\/1"}],"replies":[{"embeddable":true,"href":"https:\/\/trazos-emocionales.evelynmp.com\/index.php?rest_route=%2Fwp%2Fv2%2Fcomments&post=1729"}],"version-history":[{"count":21,"href":"https:\/\/trazos-emocionales.evelynmp.com\/index.php?rest_route=\/wp\/v2\/pages\/1729\/revisions"}],"predecessor-version":[{"id":1953,"href":"https:\/\/trazos-emocionales.evelynmp.com\/index.php?rest_route=\/wp\/v2\/pages\/1729\/revisions\/1953"}],"wp:featuredmedia":[{"embeddable":true,"href":"https:\/\/trazos-emocionales.evelynmp.com\/index.php?rest_route=\/wp\/v2\/media\/1632"}],"wp:attachment":[{"href":"https:\/\/trazos-emocionales.evelynmp.com\/index.php?rest_route=%2Fwp%2Fv2%2Fmedia&parent=1729"}],"curies":[{"name":"wp","href":"https:\/\/api.w.org\/{rel}","templated":true}]}}