{"id":1585,"date":"2021-02-07T10:56:32","date_gmt":"2021-02-07T10:56:32","guid":{"rendered":"https:\/\/trazos-emocionales.evelynmp.com\/?page_id=1585"},"modified":"2022-03-26T19:38:49","modified_gmt":"2022-03-26T19:38:49","slug":"tuyo","status":"publish","type":"page","link":"https:\/\/trazos-emocionales.evelynmp.com\/?page_id=1585","title":{"rendered":"T\u00fa&#038;Yo"},"content":{"rendered":"\n<h4 class=\"has-text-align-center wp-block-heading\">\u00bfQu\u00e9 podemos hacer T\u00fa&amp;Yo?<\/h4>\n\n\n\n<div style=\"height:35px\" aria-hidden=\"true\" class=\"wp-block-spacer\"><\/div>\n\n\n\n<p><strong>LA VERDADERA COMUNICACI\u00d3N NO EST\u00c1 LIMITADA POR NADA <\/strong><\/p>\n\n\n\n<p>\u00bfQu\u00e9 me dir\u00eda \u00e9l\/ella ahora?\u00bfQuieres regalar otra forma de comunicaci\u00f3n a la persona que amas?<\/p>\n\n\n\n<p>Para saber m\u00e1s escr\u00edbeme a:   evelynmunozpozo@gmail.com<\/p>\n\n\n\n<figure class=\"wp-block-embed is-type-video is-provider-youtube wp-block-embed-youtube wp-embed-aspect-4-3 wp-has-aspect-ratio\"><div class=\"wp-block-embed__wrapper\">\n<iframe loading=\"lazy\" title=\"LA VERDADERA COMUNICACION\" width=\"960\" height=\"720\" src=\"https:\/\/www.youtube.com\/embed\/tKZYWwNdo2c?feature=oembed\" frameborder=\"0\" allow=\"accelerometer; autoplay; clipboard-write; encrypted-media; gyroscope; picture-in-picture\" allowfullscreen><\/iframe>\n<\/div><\/figure>\n\n\n\n<div style=\"height:35px\" aria-hidden=\"true\" class=\"wp-block-spacer\"><\/div>\n\n\n\n<div class=\"wp-block-group\"><div class=\"wp-block-group__inner-container is-layout-flow wp-block-group-is-layout-flow\">\n<p class=\"has-text-align-center\"><mark style=\"background-color:rgba(0, 0, 0, 0);color:#9e8a75\" class=\"has-inline-color\"><strong>NUEVO CURSO<\/strong><\/mark><\/p>\n\n\n\n<p class=\"has-text-align-center\"><em><span class=\"has-inline-color has-vivid-cyan-blue-color\">&#8220;Inversi\u00f3n de pensamiento para una mente en paz&#8221;<\/span><\/em><\/p>\n\n\n\n<p class=\"has-text-align-center\">Desc\u00fabrelo en <strong>Udemy<\/strong>, accede a trav\u00e9s de este link: <\/p>\n\n\n\n<p class=\"has-text-align-center\"><a href=\"https:\/\/www.udemy.com\/course\/draft\/4146332\/?referralCode=F86C4B71E3A1625AB502\">https:\/\/www.udemy.com\/course\/draft\/4146332\/?referralCode=F86C4B71E3A1625AB502<\/a><\/p>\n\n\n\n<figure class=\"wp-block-video\"><video height=\"1080\" style=\"aspect-ratio: 1920 \/ 1080;\" width=\"1920\" controls src=\"https:\/\/trazos-emocionales.evelynmp.com\/wp-content\/uploads\/2021\/08\/Video-Promo-Udemy-Web.mp4\"><\/video><\/figure>\n\n\n\n<div style=\"height:100px\" aria-hidden=\"true\" class=\"wp-block-spacer\"><\/div>\n<\/div><\/div>\n\n\n\n<div class=\"wp-block-media-text alignwide is-stacked-on-mobile is-image-fill\" style=\"grid-template-columns:37% auto\"><figure class=\"wp-block-media-text__media\" style=\"background-image:url(https:\/\/trazos-emocionales.evelynmp.com\/wp-content\/uploads\/2021\/04\/1-1024x1024.png);background-position:50% 50%\"><img loading=\"lazy\" decoding=\"async\" width=\"1024\" height=\"1024\" src=\"https:\/\/trazos-emocionales.evelynmp.com\/wp-content\/uploads\/2021\/04\/1-1024x1024.png\" alt=\"\" class=\"wp-image-1771 size-full\"\/><\/figure><div class=\"wp-block-media-text__content\">\n<p class=\"has-text-align-center\"><strong><span style=\"color:#9e8a75\" class=\"has-inline-color\">Desmontar lo que nos hace sufrir jugando con Otro sistema de pensamiento<\/span><\/strong><\/p>\n\n\n\n<p class=\"has-text-align-center\">Puede parecer obvio que ninguno de nosotros desea el sufrimiento. Pero en realidad, todo lo que ocurre, incluido lo que nos hace sufrir, es la manifestaci\u00f3n de nuestra voluntad. Parad\u00f3jicamente, esa es la mejor de las noticias.<\/p>\n\n\n\n<p class=\"has-text-align-center\">Vivimos en una realidad invertida, y descubrir c\u00f3mo funciona es maravillosamente liberador.<\/p>\n\n\n\n<p class=\"has-text-align-center\">Te propongo un <strong><span style=\"color:#d05353\" class=\"has-inline-color\">programa intensivo para ejercitar juntos la mente<\/span><\/strong><span style=\"color:#b08160\" class=\"has-inline-color\">,<\/span> volverla flexible y receptiva a una visi\u00f3n que pone del rev\u00e9s todo lo que hasta ahora no nos hab\u00edamos cuestionado.<\/p>\n\n\n\n<p class=\"has-text-align-center\">Aqu\u00ed tienes m\u00e1s detalles:<\/p>\n\n\n\n<p class=\"has-text-align-center\"><\/p>\n<\/div><\/div>\n\n\n\n<div style=\"height:100px\" aria-hidden=\"true\" class=\"wp-block-spacer\"><\/div>\n\n\n\n<div class=\"wp-block-columns is-layout-flex wp-container-core-columns-is-layout-9d6595d7 wp-block-columns-is-layout-flex\">\n<div class=\"wp-block-column is-layout-flow wp-block-column-is-layout-flow\" style=\"flex-basis:100%\">\n<div class=\"wp-block-media-text alignwide is-stacked-on-mobile is-vertically-aligned-center is-image-fill\" style=\"grid-template-columns:37% auto\"><figure class=\"wp-block-media-text__media\" style=\"background-image:url(https:\/\/trazos-emocionales.evelynmp.com\/wp-content\/uploads\/2021\/02\/rain-932275_640.jpg);background-position:50% 50%\"><img loading=\"lazy\" decoding=\"async\" width=\"640\" height=\"310\" src=\"https:\/\/trazos-emocionales.evelynmp.com\/wp-content\/uploads\/2021\/02\/rain-932275_640.jpg\" alt=\"\" class=\"wp-image-1633 size-full\" srcset=\"https:\/\/trazos-emocionales.evelynmp.com\/wp-content\/uploads\/2021\/02\/rain-932275_640.jpg 640w, https:\/\/trazos-emocionales.evelynmp.com\/wp-content\/uploads\/2021\/02\/rain-932275_640-300x145.jpg 300w\" sizes=\"auto, (max-width: 640px) 100vw, 640px\" \/><\/figure><div class=\"wp-block-media-text__content\">\n<p class=\"has-text-align-center\"><strong><a href=\"https:\/\/trazos-emocionales.evelynmp.com\/?p=282\" data-type=\"URL\" data-id=\"https:\/\/trazos-emocionales.evelynmp.com\/?p=282\">Alianza mental<\/a><\/strong><\/p>\n\n\n\n<p class=\"has-text-align-center\">\u00bfQu\u00e9 es?<\/p>\n\n\n\n<p class=\"has-text-align-center\">Es un encuentro en el que uno pide ayuda y el otro responde uni\u00e9ndose a \u00e9l en su decisi\u00f3n conjunta de elegir la paz.<\/p>\n\n\n\n<p class=\"has-text-align-center\">Aquel que responde act\u00faa como <span class=\"has-inline-color has-vivid-red-color\"><strong>testigo<\/strong> <\/span>y da fe del milagro.<\/p>\n\n\n\n<p class=\"has-text-align-center\">El v\u00ednculo que se establece en la Alianza mental entre el que pide ayuda y el que responde a su llamada, es el medio que utiliza el ES para deshacer los errores en la mente confundida.<\/p>\n\n\n\n<p class=\"has-text-align-center\">El alcance de su correcci\u00f3n abarca a ambos y repercute en todas las mentes, pues se han unido en una sola.<\/p>\n\n\n\n<p class=\"has-text-align-center\"><a href=\"mailto:evelynmunozpoz@gmail.com\">evelynmunozpoz@gmail.com<\/a><\/p>\n<\/div><\/div>\n\n\n\n<div style=\"height:47px\" aria-hidden=\"true\" class=\"wp-block-spacer\"><\/div>\n\n\n\n<figure class=\"wp-block-embed is-type-video is-provider-youtube wp-block-embed-youtube wp-embed-aspect-16-9 wp-has-aspect-ratio\"><div class=\"wp-block-embed__wrapper\">\n<iframe loading=\"lazy\" title=\"Alianza mental\" width=\"960\" height=\"540\" src=\"https:\/\/www.youtube.com\/embed\/9udSfXgOm4Y?feature=oembed\" frameborder=\"0\" allow=\"accelerometer; autoplay; clipboard-write; encrypted-media; gyroscope; picture-in-picture\" allowfullscreen><\/iframe>\n<\/div><\/figure>\n<\/div>\n<\/div>\n\n\n\n<div style=\"height:61px\" aria-hidden=\"true\" class=\"wp-block-spacer\"><\/div>\n","protected":false},"excerpt":{"rendered":"<p>\u00bfQu\u00e9 podemos hacer T\u00fa&amp;Yo? LA VERDADERA COMUNICACI\u00d3N NO EST\u00c1 LIMITADA POR NADA \u00bfQu\u00e9 me dir\u00eda \u00e9l\/ella ahora?\u00bfQuieres regalar otra forma de comunicaci\u00f3n a la persona que amas? Para saber m\u00e1s escr\u00edbeme a: evelynmunozpozo@gmail.com NUEVO CURSO &#8220;Inversi\u00f3n de pensamiento para una mente en paz&#8221; Desc\u00fabrelo en Udemy, accede a trav\u00e9s de este link: https:\/\/www.udemy.com\/course\/draft\/4146332\/?referralCode=F86C4B71E3A1625AB502 Desmontar lo que nos hace sufrir jugando con Otro sistema de pensamiento Puede parecer obvio que ninguno de nosotros desea el sufrimiento. Pero en realidad, todo lo que ocurre, incluido lo que nos hace sufrir, es la manifestaci\u00f3n de nuestra voluntad. Parad\u00f3jicamente, esa es la mejor de las noticias. Vivimos en una realidad invertida, y descubrir c\u00f3mo funciona es maravillosamente liberador. Te propongo un programa intensivo para ejercitar juntos la mente, volverla flexible y receptiva a una visi\u00f3n que pone del rev\u00e9s todo lo que hasta ahora no nos hab\u00edamos cuestionado. Aqu\u00ed tienes m\u00e1s detalles: Alianza mental \u00bfQu\u00e9 es? Es un encuentro en el que uno pide ayuda y el otro responde uni\u00e9ndose a \u00e9l en su decisi\u00f3n conjunta de elegir la paz. Aquel que responde act\u00faa como testigo y da fe del milagro. El v\u00ednculo que se establece en la Alianza mental entre el que pide ayuda y el que responde a su llamada, es el medio que utiliza el ES para deshacer los errores en la mente confundida. El alcance de su correcci\u00f3n abarca a ambos y repercute en todas las mentes, pues se han unido en una sola. evelynmunozpoz@gmail.com<\/p>\n","protected":false},"author":1,"featured_media":1586,"parent":0,"menu_order":0,"comment_status":"closed","ping_status":"closed","template":"","meta":{"footnotes":""},"class_list":["post-1585","page","type-page","status-publish","has-post-thumbnail","hentry"],"_links":{"self":[{"href":"https:\/\/trazos-emocionales.evelynmp.com\/index.php?rest_route=\/wp\/v2\/pages\/1585","targetHints":{"allow":["GET"]}}],"collection":[{"href":"https:\/\/trazos-emocionales.evelynmp.com\/index.php?rest_route=\/wp\/v2\/pages"}],"about":[{"href":"https:\/\/trazos-emocionales.evelynmp.com\/index.php?rest_route=\/wp\/v2\/types\/page"}],"author":[{"embeddable":true,"href":"https:\/\/trazos-emocionales.evelynmp.com\/index.php?rest_route=\/wp\/v2\/users\/1"}],"replies":[{"embeddable":true,"href":"https:\/\/trazos-emocionales.evelynmp.com\/index.php?rest_route=%2Fwp%2Fv2%2Fcomments&post=1585"}],"version-history":[{"count":37,"href":"https:\/\/trazos-emocionales.evelynmp.com\/index.php?rest_route=\/wp\/v2\/pages\/1585\/revisions"}],"predecessor-version":[{"id":1962,"href":"https:\/\/trazos-emocionales.evelynmp.com\/index.php?rest_route=\/wp\/v2\/pages\/1585\/revisions\/1962"}],"wp:featuredmedia":[{"embeddable":true,"href":"https:\/\/trazos-emocionales.evelynmp.com\/index.php?rest_route=\/wp\/v2\/media\/1586"}],"wp:attachment":[{"href":"https:\/\/trazos-emocionales.evelynmp.com\/index.php?rest_route=%2Fwp%2Fv2%2Fmedia&parent=1585"}],"curies":[{"name":"wp","href":"https:\/\/api.w.org\/{rel}","templated":true}]}}